{"id":58,"date":"2023-03-13T17:55:04","date_gmt":"2023-03-13T14:55:04","guid":{"rendered":"https:\/\/forevyapi.com\/?page_id=58"},"modified":"2026-01-06T23:26:32","modified_gmt":"2026-01-06T20:26:32","slug":"ana-sayfa","status":"publish","type":"page","link":"https:\/\/forevyapi.com\/","title":{"rendered":"Ana Sayfa"},"content":{"rendered":" \n    <!-- Slider -->\n    <section class=\"slider\">\n        <div class=\"loop\">\n                                                <div class=\"item\">\n                        <div class=\"container\">\n                            <div class=\"row\">\n                                <div class=\"col-lg-4\">\n                                    <div class=\"text\">\n                                        <span data-animation=\"fadeInLeft\" data-delay=\".4s\" class=\"pagingInfo\"><\/span>\n                                        <h4 data-animation=\"fadeInLeft\" data-delay=\".6s\"><\/h4>\n                                        <h2 data-animation=\"fadeInLeft\" data-delay=\".8s\">Modern Ya\u015fam\u0131n Yeni Adresi Tem \u0130stanbul<\/h2>\n                                        <p data-animation=\"fadeInLeft\" data-delay=\"1s\">Gaziosmanpa\u015fa\u2019da Forev Yap\u0131 ayr\u0131cal\u0131\u011f\u0131yla y\u00fckselen Tem \u0130stanbul\u2019da \u00f6n talep s\u00fcreci ba\u015flad\u0131.<\/p>\n                                        <a href=\"https:\/\/forevtemistanbul.com\/\" data-animation=\"fadeInLeft\" data-delay=\"1.2s\">detayl\u0131 incele <i class=\"fa fa-angle-right\"><\/i><\/a>\n                                    <\/div>\n                                <\/div>\n                            <\/div>\n                        <\/div>\n                        <img decoding=\"async\" class=\"sliderImg\" src=\"https:\/\/i0.wp.com\/forevyapi.com\/app\/uploads\/2026\/01\/render1.webp\" alt=\"Modern Ya\u015fam\u0131n Yeni Adresi Tem \u0130stanbul\">\n                    <\/div>\n                \n                                    <div class=\"item\">\n                        <div class=\"container\">\n                            <div class=\"row\">\n                                <div class=\"col-lg-4\">\n                                    <div class=\"text\">\n                                        <span data-animation=\"fadeInLeft\" data-delay=\".4s\" class=\"pagingInfo\"><\/span>\n                                        <h4 data-animation=\"fadeInLeft\" data-delay=\".6s\"><\/h4>\n                                        <h2 data-animation=\"fadeInLeft\" data-delay=\".8s\">Forev Modern Vadi \u0130\u00e7in T\u0131klay\u0131n!<\/h2>\n                                        <p data-animation=\"fadeInLeft\" data-delay=\"1s\"><\/p>\n                                        <a href=\"https:\/\/www.forevmodernvadi.com\/\" data-animation=\"fadeInLeft\" data-delay=\"1.2s\">detayl\u0131 incele <i class=\"fa fa-angle-right\"><\/i><\/a>\n                                    <\/div>\n                                <\/div>\n                            <\/div>\n                        <\/div>\n                        <img decoding=\"async\" class=\"sliderImg\" src=\"https:\/\/i0.wp.com\/forevyapi.com\/app\/uploads\/2024\/05\/slider.jpeg\" alt=\"Forev Modern Vadi \u0130\u00e7in T\u0131klay\u0131n!\">\n                    <\/div>\n                \n                                    <div class=\"item\">\n                        <div class=\"container\">\n                            <div class=\"row\">\n                                <div class=\"col-lg-4\">\n                                    <div class=\"text\">\n                                        <span data-animation=\"fadeInLeft\" data-delay=\".4s\" class=\"pagingInfo\"><\/span>\n                                        <h4 data-animation=\"fadeInLeft\" data-delay=\".6s\"><\/h4>\n                                        <h2 data-animation=\"fadeInLeft\" data-delay=\".8s\">Hali\u00e7\u2019in en donan\u0131ml\u0131 projesinde yerinizi ay\u0131rt\u0131n!<\/h2>\n                                        <p data-animation=\"fadeInLeft\" data-delay=\"1s\">Nefes kesen manzaras\u0131 ile Forev Modern Hali\u00e7, \u015fehir hayat\u0131n\u0131n merkezinde maksimum konforu deneyimleyece\u011finiz bir hayat sunuyor.<\/p>\n                                        <a href=\"#slidar1\" data-animation=\"fadeInLeft\" data-delay=\"1.2s\">detayl\u0131 incele <i class=\"fa fa-angle-right\"><\/i><\/a>\n                                    <\/div>\n                                <\/div>\n                            <\/div>\n                        <\/div>\n                        <img decoding=\"async\" class=\"sliderImg\" src=\"https:\/\/i0.wp.com\/forevyapi.com\/app\/uploads\/2023\/03\/slider1.jpg\" alt=\"Hali\u00e7\u2019in en donan\u0131ml\u0131 projesinde yerinizi ay\u0131rt\u0131n!\">\n                    <\/div>\n                \n                                    <div class=\"item\">\n                        <div class=\"container\">\n                            <div class=\"row\">\n                                <div class=\"col-lg-4\">\n                                    <div class=\"text\">\n                                        <span data-animation=\"fadeInLeft\" data-delay=\".4s\" class=\"pagingInfo\"><\/span>\n                                        <h4 data-animation=\"fadeInLeft\" data-delay=\".6s\"><\/h4>\n                                        <h2 data-animation=\"fadeInLeft\" data-delay=\".8s\">Ayr\u0131cal\u0131kl\u0131 kazan\u00e7l\u0131 yat\u0131r\u0131m.<\/h2>\n                                        <p data-animation=\"fadeInLeft\" data-delay=\"1s\">\u0130stanbul\u2019un kalbinde yer alan Forev Modern Hali\u00e7, e\u015fsiz konumu ve modern tasar\u0131m\u0131yla hayat\u0131n\u0131za de\u011fer katacak.<\/p>\n                                        <a href=\"#slidar2\" data-animation=\"fadeInLeft\" data-delay=\"1.2s\">detayl\u0131 incele <i class=\"fa fa-angle-right\"><\/i><\/a>\n                                    <\/div>\n                                <\/div>\n                            <\/div>\n                        <\/div>\n                        <img decoding=\"async\" class=\"sliderImg\" src=\"https:\/\/i0.wp.com\/forevyapi.com\/app\/uploads\/2023\/03\/slider2.jpg\" alt=\"Ayr\u0131cal\u0131kl\u0131 kazan\u00e7l\u0131 yat\u0131r\u0131m.\">\n                    <\/div>\n                \n                                    <div class=\"item\">\n                        <div class=\"container\">\n                            <div class=\"row\">\n                                <div class=\"col-lg-4\">\n                                    <div class=\"text\">\n                                        <span data-animation=\"fadeInLeft\" data-delay=\".4s\" class=\"pagingInfo\"><\/span>\n                                        <h4 data-animation=\"fadeInLeft\" data-delay=\".6s\"><\/h4>\n                                        <h2 data-animation=\"fadeInLeft\" data-delay=\".8s\">Evinizin balkonunda hali\u00e7 mavisine yer a\u00e7\u0131n!<\/h2>\n                                        <p data-animation=\"fadeInLeft\" data-delay=\"1s\">Tasar\u0131m\u0131n ve esteti\u011fin kusursuz birle\u015fimi olan geni\u015f terasl\u0131 loft daireleri ile Forev Modern Hali\u00e7 manzaras\u0131n\u0131n tad\u0131n\u0131 \u00e7\u0131kar\u0131n.<\/p>\n                                        <a href=\"#slidar3\" data-animation=\"fadeInLeft\" data-delay=\"1.2s\">detayl\u0131 incele <i class=\"fa fa-angle-right\"><\/i><\/a>\n                                    <\/div>\n                                <\/div>\n                            <\/div>\n                        <\/div>\n                        <img decoding=\"async\" class=\"sliderImg\" src=\"https:\/\/i0.wp.com\/forevyapi.com\/app\/uploads\/2023\/03\/slider3.jpg\" alt=\"Evinizin balkonunda hali\u00e7 mavisine yer a\u00e7\u0131n!\">\n                    <\/div>\n                \n                                    <div class=\"item\">\n                        <div class=\"container\">\n                            <div class=\"row\">\n                                <div class=\"col-lg-4\">\n                                    <div class=\"text\">\n                                        <span data-animation=\"fadeInLeft\" data-delay=\".4s\" class=\"pagingInfo\"><\/span>\n                                        <h4 data-animation=\"fadeInLeft\" data-delay=\".6s\"><\/h4>\n                                        <h2 data-animation=\"fadeInLeft\" data-delay=\".8s\">7\/24 Sizlerle bulu\u015fuyoruz!<\/h2>\n                                        <p data-animation=\"fadeInLeft\" data-delay=\"1s\">444 38 13 Hafta i\u00e7i her g\u00fcn ve Cumartesi  saat: 09.00-18.00  Pazar g\u00fcn\u00fc saat: 10.00-18.00<\/p>\n                                        <a href=\"#slidar4\" data-animation=\"fadeInLeft\" data-delay=\"1.2s\">detayl\u0131 incele <i class=\"fa fa-angle-right\"><\/i><\/a>\n                                    <\/div>\n                                <\/div>\n                            <\/div>\n                        <\/div>\n                        <img decoding=\"async\" class=\"sliderImg\" src=\"https:\/\/i0.wp.com\/forevyapi.com\/app\/uploads\/2023\/03\/slider5.jpg\" alt=\"7\/24 Sizlerle bulu\u015fuyoruz!\">\n                    <\/div>\n                \n                                    <div class=\"item\">\n                        <div class=\"container\">\n                            <div class=\"row\">\n                                <div class=\"col-lg-4\">\n                                    <div class=\"text\">\n                                        <span data-animation=\"fadeInLeft\" data-delay=\".4s\" class=\"pagingInfo\"><\/span>\n                                        <h4 data-animation=\"fadeInLeft\" data-delay=\".6s\"><\/h4>\n                                        <h2 data-animation=\"fadeInLeft\" data-delay=\".8s\">Yenilik\u00e7i ve \u00e7ok y\u00f6nl\u00fc mimariyi Forev Yap\u0131 ile ke\u015ffedin.<\/h2>\n                                        <p data-animation=\"fadeInLeft\" data-delay=\"1s\">\u00c7eyrek as\u0131rl\u0131k tecr\u00fcbesiyle her ge\u00e7en g\u00fcn b\u00fcy\u00fcmekte olan Forev Yap\u0131, modern ve tasar\u0131m odakl\u0131 yakla\u015f\u0131m\u0131 benimsiyor ve sekt\u00f6rde fark yaratan projelere imza at\u0131yor.<\/p>\n                                        <a href=\"#slidar5\" data-animation=\"fadeInLeft\" data-delay=\"1.2s\">detayl\u0131 incele <i class=\"fa fa-angle-right\"><\/i><\/a>\n                                    <\/div>\n                                <\/div>\n                            <\/div>\n                        <\/div>\n                        <img decoding=\"async\" class=\"sliderImg\" src=\"https:\/\/i0.wp.com\/forevyapi.com\/app\/uploads\/2023\/03\/slider6.jpg\" alt=\"Yenilik\u00e7i ve \u00e7ok y\u00f6nl\u00fc mimariyi Forev Yap\u0131 ile ke\u015ffedin.\">\n                    <\/div>\n                \n                                    <\/div>\n    <\/section>\n    <!-- Slider End -->\n\n   \n\n    <section \n        class=\"about-page custom-text-component\"\n        id=\"#\"\n        style=\"background:#f0eeeb\"\n    >\n        <div class=\"container\">\n\n                            <div class=\"title\" data-aos=\"fade-up\">\n                    <span>KURUMSAL<\/span>\n                <\/div>\n            \n                    \n            <div class=\"row\">\n                <div class=\"col-lg-6 d-flex justify-content-start align-items-center\" data-aos=\"fade-up\"> \n                    <div class=\"text\" data-aos=\"fade-left\">\n                        <p><img loading=\"lazy\" decoding=\"async\" class=\"wp-image-164 alignright\" src=\"https:\/\/i0.wp.com\/forevyapi.com\/app\/uploads\/2023\/03\/forev-yapi-kurumsal-300x225.jpg\" alt=\"\" width=\"615\" height=\"461\" srcset=\"https:\/\/i0.wp.com\/forevyapi.com\/app\/uploads\/2023\/03\/forev-yapi-kurumsal-300x225.jpg 300w, https:\/\/i0.wp.com\/forevyapi.com\/app\/uploads\/2023\/03\/forev-yapi-kurumsal-1024x768.jpg 1024w, https:\/\/i0.wp.com\/forevyapi.com\/app\/uploads\/2023\/03\/forev-yapi-kurumsal-768x576.jpg 768w, https:\/\/i0.wp.com\/forevyapi.com\/app\/uploads\/2023\/03\/forev-yapi-kurumsal-1536x1152.jpg 1536w, https:\/\/i0.wp.com\/forevyapi.com\/app\/uploads\/2023\/03\/forev-yapi-kurumsal.jpg 2048w\" sizes=\"auto, (max-width: 615px) 100vw, 615px\" \/><\/p>\n\n                    <\/div>\n                <\/div>\n                <div class=\"col-lg-6 d-flex justify-content-start align-items-center\" data-aos=\"fade-up\">\n                    <div class=\"text\" data-aos=\"fade-right\"> \n                        <h2>Sa\u011flam, fonksiyonel, \u00e7evreci ve nitelikli projeler<\/h2>\n<p>Tasarlanan kullan\u0131c\u0131 odakl\u0131 konut projeleri ile sizlere gu\u0308venli\u011fin, konforun, kalitenin ve esteti\u011fin bir arada bulundu\u011fu dinamik bir ya\u015fam sunuyoruz.<\/p>\n\n                    <\/div>\n                <\/div>\n            <\/div>\n        <\/div>\n    <\/section> \n\n<style>\n    .custom-text-component img {border-radius:5px;width:100%;}\n    .inovatif .text p {width:100% !important}\n<\/style>\n\n\n   \n\n    <section \n        class=\"about-page mt-5 mb-5 custom-text-component\"\n        id=\"#\"\n        style=\"background:#ffffff\"\n    >\n        <div class=\"container\">\n\n            \n                    \n            <div class=\"row\">\n                <div class=\"col-lg-6 d-flex justify-content-start align-items-center\" data-aos=\"fade-up\"> \n                    <div class=\"text\" data-aos=\"fade-left\">\n                        <h2>Sosyal S\u00fcrd\u00fcr\u00fclebilir Ekolojik Ya\u015fam Sunuyoruz<\/h2>\n<p>\u00c7eyrek as\u0131rl\u0131k tecr\u00fcbesiyle her ge\u00e7en g\u00fcn b\u00fcy\u00fcmekte olan Forev Yap\u0131 alanlar\u0131nda uzman ki\u015fileri bir araya getirerek sekt\u00f6rde fark yaratan projelere imza atmaya devam ediyor.<\/p>\n<p><strong>Tasar\u0131m odakl\u0131 yakla\u015f\u0131m\u0131 benimseyen Forev Yap\u0131, <\/strong><strong>\u00e7evre ile etkile\u015fim i\u00e7inde s\u00fcrd\u00fcr\u00fclebilir projeler geli\u015ftiriyor.<\/strong><\/p>\n\n                    <\/div>\n                <\/div>\n                <div class=\"col-lg-6 d-flex justify-content-start align-items-center\" data-aos=\"fade-up\">\n                    <div class=\"text\" data-aos=\"fade-right\"> \n                        <p><img loading=\"lazy\" decoding=\"async\" class=\"alignnone wp-image-484 size-full\" src=\"https:\/\/i0.wp.com\/forevyapi.com\/app\/uploads\/2023\/03\/forev-yapi-anasayfa.jpg\" alt=\"\" width=\"1701\" height=\"1279\" srcset=\"https:\/\/i0.wp.com\/forevyapi.com\/app\/uploads\/2023\/03\/forev-yapi-anasayfa.jpg 1701w, https:\/\/i0.wp.com\/forevyapi.com\/app\/uploads\/2023\/03\/forev-yapi-anasayfa-300x226.jpg 300w, https:\/\/i0.wp.com\/forevyapi.com\/app\/uploads\/2023\/03\/forev-yapi-anasayfa-1024x770.jpg 1024w, https:\/\/i0.wp.com\/forevyapi.com\/app\/uploads\/2023\/03\/forev-yapi-anasayfa-768x577.jpg 768w, https:\/\/i0.wp.com\/forevyapi.com\/app\/uploads\/2023\/03\/forev-yapi-anasayfa-1536x1155.jpg 1536w\" sizes=\"auto, (max-width: 1701px) 100vw, 1701px\" \/><\/p>\n\n                    <\/div>\n                <\/div>\n            <\/div>\n        <\/div>\n    <\/section> \n\n<style>\n    .custom-text-component img {border-radius:5px;width:100%;}\n    .inovatif .text p {width:100% !important}\n<\/style>\n\n\n<!-- Project --> \n<section class=\"project-page\">\n\t<div class=\"container\">\n\t\t<div class=\"title\" data-aos=\"fade-up\">\n\t\t\t\t\t<h2>PROJECTS<\/h2>\n\t\t\t<p>Modern and Innovative Designs<\/p>\n\t\t\t\t<\/div>\n\t<\/div>\n\t<div class=\"project-slider\" data-aos=\"fade-up\">\n\t\t<div class=\"project-loop\">\n             \n\t\t\t\t<a href=\"https:\/\/forevyapi.com\/?projeler=forev-tem-istanbul\" class=\"item\">\n\t\t\t\t\t<img decoding=\"async\" src=\"https:\/\/i0.wp.com\/forevyapi.com\/app\/uploads\/2026\/01\/render1.webp\" alt=\"Forev Tem \u0130stanbul\">\n\t\t\t\t\t<div class=\"name\">\n\t\t\t\t\t\t<span>Forev Tem \u0130stanbul<\/span>\n\t\t\t\t\t<\/div>\n\t\t\t\t<\/a>  \n             \n\t\t\t\t<a href=\"https:\/\/forevyapi.com\/?projeler=forev-modern-plus-2\" class=\"item\">\n\t\t\t\t\t<img decoding=\"async\" src=\"https:\/\/i0.wp.com\/forevyapi.com\/app\/uploads\/2023\/03\/modernplus1-scaled.jpg\" alt=\"Forev Modern Plus\">\n\t\t\t\t\t<div class=\"name\">\n\t\t\t\t\t\t<span>Forev Modern Plus<\/span>\n\t\t\t\t\t<\/div>\n\t\t\t\t<\/a>  \n             \n\t\t\t\t<a href=\"https:\/\/forevyapi.com\/?projeler=forev-bogazici-blocks&#038;lang=en\" class=\"item\">\n\t\t\t\t\t<img decoding=\"async\" src=\"https:\/\/i0.wp.com\/forevyapi.com\/app\/uploads\/2023\/03\/slider6.jpg\" alt=\"Forev Bogazici Blocks\">\n\t\t\t\t\t<div class=\"name\">\n\t\t\t\t\t\t<span>Forev Bo\u011fazi\u00e7i Bloklar\u0131<\/span>\n\t\t\t\t\t<\/div>\n\t\t\t\t<\/a>  \n             \n\t\t\t\t<a href=\"https:\/\/forevyapi.com\/?projeler=forev-nest-garden-2&#038;lang=en\" class=\"item\">\n\t\t\t\t\t<img decoding=\"async\" src=\"https:\/\/i0.wp.com\/forevyapi.com\/app\/uploads\/2023\/03\/nest_garden1-scaled.jpg\" alt=\"Forev Nest Garden\">\n\t\t\t\t\t<div class=\"name\">\n\t\t\t\t\t\t<span>Forev Nest Garden<\/span>\n\t\t\t\t\t<\/div>\n\t\t\t\t<\/a>  \n             \n\t\t\t\t<a href=\"https:\/\/forevyapi.com\/?projeler=forev-nefes-halkali-2&#038;lang=en\" class=\"item\">\n\t\t\t\t\t<img decoding=\"async\" src=\"https:\/\/i0.wp.com\/forevyapi.com\/app\/uploads\/2023\/03\/forevnefess-scaled.jpg\" alt=\"Forev Nefes Halkali\">\n\t\t\t\t\t<div class=\"name\">\n\t\t\t\t\t\t<span>Forev Nefes Halkal\u0131<\/span>\n\t\t\t\t\t<\/div>\n\t\t\t\t<\/a>  \n             \n\t\t\t\t<a href=\"https:\/\/forevyapi.com\/?projeler=forev-teras-2&#038;lang=en\" class=\"item\">\n\t\t\t\t\t<img decoding=\"async\" src=\"https:\/\/i0.wp.com\/forevyapi.com\/app\/uploads\/2023\/03\/forevteras11-scaled.jpg\" alt=\"Forev Teras\">\n\t\t\t\t\t<div class=\"name\">\n\t\t\t\t\t\t<span>Forev Teras<\/span>\n\t\t\t\t\t<\/div>\n\t\t\t\t<\/a>  \n             \n\t\t\t\t<a href=\"https:\/\/forevyapi.com\/?projeler=forev-modern-eyup-3\" class=\"item\">\n\t\t\t\t\t<img decoding=\"async\" src=\"https:\/\/i0.wp.com\/forevyapi.com\/app\/uploads\/2023\/03\/forevmoderneyup.jpg\" alt=\"Forev Modern Ey\u00fcp\">\n\t\t\t\t\t<div class=\"name\">\n\t\t\t\t\t\t<span>Forev Modern Ey\u00fcp<\/span>\n\t\t\t\t\t<\/div>\n\t\t\t\t<\/a>  \n             \n\t\t\t\t<a href=\"https:\/\/forevyapi.com\/?projeler=forev-modern-eyup-2&#038;lang=en\" class=\"item\">\n\t\t\t\t\t<img decoding=\"async\" src=\"https:\/\/i0.wp.com\/forevyapi.com\/app\/uploads\/2023\/03\/forevmoderneyup.jpg\" alt=\"Forev Modern Eyup\">\n\t\t\t\t\t<div class=\"name\">\n\t\t\t\t\t\t<span>Forev Modern Ey\u00fcp<\/span>\n\t\t\t\t\t<\/div>\n\t\t\t\t<\/a>  \n             \n\t\t\t\t<a href=\"https:\/\/forevyapi.com\/?projeler=forev-naturist-2&#038;lang=en\" class=\"item\">\n\t\t\t\t\t<img decoding=\"async\" src=\"https:\/\/i0.wp.com\/forevyapi.com\/app\/uploads\/2023\/03\/slider4.jpg\" alt=\"Forev Naturist\">\n\t\t\t\t\t<div class=\"name\">\n\t\t\t\t\t\t<span>Forev Naturist<\/span>\n\t\t\t\t\t<\/div>\n\t\t\t\t<\/a>  \n             \n\t\t\t\t<a href=\"https:\/\/forevyapi.com\/?projeler=1635&#038;lang=en\" class=\"item\">\n\t\t\t\t\t<img decoding=\"async\" src=\"https:\/\/i0.wp.com\/forevyapi.com\/app\/uploads\/2023\/03\/slider1.jpg\" alt=\"Forev Modern Halic\">\n\t\t\t\t\t<div class=\"name\">\n\t\t\t\t\t\t<span>Forev Modern Halic<\/span>\n\t\t\t\t\t<\/div>\n\t\t\t\t<\/a>  \n             \n\t\t<\/div>\n\t<\/div>\n<\/section>\n<!-- Project End -->\n\n\n            <!-- Maps -->\n        <section class=\"maps\">\n            <h4 data-aos=\"fade-up\"> For detailed information about our projects, <strong>write us or call us!<\/strong><\/h4>\n            <a href=\"tel:444 3 813\" data-aos=\"fade-up\"><i class=\"fa fa-phone\"><\/i> 444 3 813 <\/a>\n        <\/section>\n        <!-- Maps End -->\n    \n\n\n            <!-- Forev Banner -->\n        <section class=\"brev container\" style=\"margin-top: 40px\">\n            <div class=\"item\">\n                <ul>\n                    <li data-aos=\"fade-up\">\n                        <img decoding=\"async\" src=\"https:\/\/forevyapi.com\/app\/themes\/forev\/static\/img\/F.svg\" alt=\"\">\n                    <\/li>\n                    <li data-aos=\"fade-down\" data-aos-duration=\"1000\">\n                        <img decoding=\"async\" src=\"https:\/\/forevyapi.com\/app\/themes\/forev\/static\/img\/O.svg\" alt=\"\">\n                    <\/li>\n                    <li data-aos=\"fade-up\">\n                        <img decoding=\"async\" src=\"https:\/\/forevyapi.com\/app\/themes\/forev\/static\/img\/R.svg\" alt=\"\">\n                    <\/li>\n                    <li data-aos=\"fade-down\" data-aos-duration=\"1000\">\n                        <img decoding=\"async\" src=\"https:\/\/forevyapi.com\/app\/themes\/forev\/static\/img\/E.svg\" alt=\"\">\n                    <\/li>\n                    <li data-aos=\"fade-up\">\n                        <img decoding=\"async\" src=\"https:\/\/forevyapi.com\/app\/themes\/forev\/static\/img\/V.svg\" alt=\"\">\n                    <\/li>\n                <\/ul>\n                <div class=\"text\" data-aos=\"fade-left\">\n                    <h4>Video Project  <br \/> Presentation<\/h4>\n                    <!-- \n                    <p>Sat\u0131\u015f yetkilileri ile online g\u00f6r\u00fcnt\u00fcl\u00fc g\u00f6r\u00fc\u015fmek i\u00e7in uygun g\u00fcn ve saat se\u00e7imi yaparak randevu alabilirsiniz.<\/p>\n                    -->\n                    <a href=\"https:\/\/forevyapi.com?page_id=135\" target=\"_blank\">Make an appointment<\/a>\n                <\/div>\n            <\/div>\n        <\/section>\n        <!-- Forev Banner End -->\n    ","protected":false},"excerpt":{"rendered":"","protected":false},"author":1,"featured_media":0,"parent":0,"menu_order":0,"comment_status":"closed","ping_status":"closed","template":"","meta":{"_acf_changed":false,"footnotes":""},"class_list":["post-58","page","type-page","status-publish","hentry"],"acf":[],"_links":{"self":[{"href":"https:\/\/forevyapi.com\/index.php?rest_route=\/wp\/v2\/pages\/58","targetHints":{"allow":["GET"]}}],"collection":[{"href":"https:\/\/forevyapi.com\/index.php?rest_route=\/wp\/v2\/pages"}],"about":[{"href":"https:\/\/forevyapi.com\/index.php?rest_route=\/wp\/v2\/types\/page"}],"author":[{"embeddable":true,"href":"https:\/\/forevyapi.com\/index.php?rest_route=\/wp\/v2\/users\/1"}],"replies":[{"embeddable":true,"href":"https:\/\/forevyapi.com\/index.php?rest_route=%2Fwp%2Fv2%2Fcomments&post=58"}],"version-history":[{"count":136,"href":"https:\/\/forevyapi.com\/index.php?rest_route=\/wp\/v2\/pages\/58\/revisions"}],"predecessor-version":[{"id":9518,"href":"https:\/\/forevyapi.com\/index.php?rest_route=\/wp\/v2\/pages\/58\/revisions\/9518"}],"wp:attachment":[{"href":"https:\/\/forevyapi.com\/index.php?rest_route=%2Fwp%2Fv2%2Fmedia&parent=58"}],"curies":[{"name":"wp","href":"https:\/\/api.w.org\/{rel}","templated":true}]}}